{"id":16,"date":"2024-08-05T12:27:26","date_gmt":"2024-08-05T12:27:26","guid":{"rendered":"https:\/\/www.ativert.fr\/?page_id=16"},"modified":"2024-09-16T12:15:32","modified_gmt":"2024-09-16T12:15:32","slug":"ati-vert","status":"publish","type":"page","link":"https:\/\/www.ativert.fr\/","title":{"rendered":"BIENVENUE CHEZ ATI-VERT"},"content":{"rendered":"\n<p>V\u00e9ritable structure d&rsquo;insertion guid\u00e9e par son projet social, Ati-vert propose ses prestations d&rsquo;entretien des espaces verts et de conception de jardins au service des professionnels et des particuliers. Nous sommes situ\u00e9s a Vendres dans l&rsquo;H\u00e9rault (34) et nous intervenons \u00e9galement sur toutes les communes proches.<\/p>\n\n\n\n<p><br>ATI-VERT est une entreprise d\u2019insertion sp\u00e9cialis\u00e9e dans l\u2019entretien et l\u2019am\u00e9nagement des espace verts.<br>ATI-VERT a pour principal objectif de soutenir l\u2019emploi local.<br>ATI-VERT est une entreprise d\u2019insertion agr\u00e9\u00e9e par la DIRECCTE OCCITANIE.<\/p>\n\n\n\n<figure class=\"wp-block-image\"><img decoding=\"async\" src=\"https:\/\/www.ativert.fr\/wp-content\/uploads\/2024\/08\/espace_vert.jpg\" alt=\"\"\/><\/figure>\n\n\n\n<h2 class=\"wp-block-heading alignfull has-text-align-center pt-5\" style=\"font-size:35px\">NOS SERVICES<\/h2>\n\n\n\n<div class=\"wp-block-columns alignfull are-vertically-aligned-center mx-lg-5 mx-0 is-layout-flex wp-container-core-columns-is-layout-9d6595d7 wp-block-columns-is-layout-flex\">\n<div class=\"wp-block-column is-vertically-aligned-center expertise-box p-4 my-5 is-layout-flow wp-block-column-is-layout-flow\"><div class=\"wp-block-image\">\n<figure class=\"aligncenter size-large is-resized\"><img decoding=\"async\" src=\"https:\/\/www.ativert.fr\/wp-content\/themes\/vw-gardening-landscaping\/inc\/block-patterns\/images\/expertise1.png\" alt=\"\" class=\"wp-image-1145\" style=\"width:125px;height:auto\"\/><\/figure>\n<\/div>\n\n\n<h3 class=\"wp-block-heading has-text-align-center mb-2 has-text-color\" style=\"color:#222222;font-size:20px\">Jardinage et espaces verts<\/h3>\n\n\n\n<p class=\"has-text-align-center text-center mb-2 has-text-color\" style=\"color:#a9a9a9;font-size:14px\">Taille de haies, labour, binage, abattage et petit \u00e9lagage<\/p>\n<\/div>\n\n\n\n<div class=\"wp-block-column is-vertically-aligned-center expertise-box p-4 my-5 is-layout-flow wp-block-column-is-layout-flow\"><div class=\"wp-block-image\">\n<figure class=\"aligncenter size-large is-resized\"><img decoding=\"async\" src=\"https:\/\/www.ativert.fr\/wp-content\/themes\/vw-gardening-landscaping\/inc\/block-patterns\/images\/expertise2.png\" alt=\"\" class=\"wp-image-1191\" style=\"width:124px;height:auto\"\/><\/figure>\n<\/div>\n\n\n<h3 class=\"wp-block-heading has-text-align-center mb-2 has-text-color\" style=\"color:#222222;font-size:20px\">Conception et am\u00e9nagement<\/h3>\n\n\n\n<p class=\"has-text-align-center text-center mb-2 has-text-color\" style=\"color:#a9a9a9;font-size:14px\">Plantations, arrosage int\u00e9gr\u00e9, r\u00e9alisation cl\u00f4tures,murets<\/p>\n<\/div>\n<\/div>\n\n\n\n<ul class=\"wp-block-list\">\n<li> Conception de jardins et d\u2019espaces verts<\/li>\n\n\n\n<li>Taille de haies diverses<\/li>\n\n\n\n<li>Taille fruiti\u00e8re ou ornementale d\u2019arbres et d\u2019arbustes<\/li>\n\n\n\n<li>Abattage et petit \u00e9lagage<\/li>\n\n\n\n<li>Tonte et d\u00e9broussaillage<\/li>\n\n\n\n<li>Labour, binage, amendement, paillage<\/li>\n\n\n\n<li>Traitement phytosanitaire biologique ou chimique<\/li>\n\n\n\n<li>Certification bureau veritas N\u00b0 agr\u00e9ment LR 00595 )<\/li>\n\n\n\n<li>Conception et am\u00e9nagement<\/li>\n\n\n\n<li>Plantations<\/li>\n\n\n\n<li>Arrosage int\u00e9gr\u00e9<\/li>\n\n\n\n<li>R\u00e9alisation dallage, murets, cl\u00f4tures\u2026<\/li>\n\n\n\n<li>Installation d\u2019accessoires de jardins ( jardini\u00e8res, bancs, brise vue, barri\u00e8res, signalisation\u2026)<\/li>\n\n\n\n<li>Recyclage de nos d\u00e9chets dans les fili\u00e8res agr\u00e9es<\/li>\n\n\n\n<li>Broyage<\/li>\n<\/ul>\n\n\n\n<h2 class=\"wp-block-heading alignfull has-text-align-center pt-5\" style=\"font-size:35px\">ATI-VERT EN IMAGES<\/h2>\n\n\n\n<div class=\"wp-block-columns is-layout-flex wp-container-core-columns-is-layout-9d6595d7 wp-block-columns-is-layout-flex\">\n<div class=\"wp-block-column is-layout-flow wp-block-column-is-layout-flow\">\n<figure class=\"wp-block-gallery has-nested-images columns-default is-cropped wp-block-gallery-1 is-layout-flex wp-block-gallery-is-layout-flex\">\n<figure class=\"wp-block-image size-large\"><img fetchpriority=\"high\" decoding=\"async\" width=\"1024\" height=\"768\" data-id=\"20\" src=\"https:\/\/www.ativert.fr\/wp-content\/uploads\/2024\/08\/IMG-20130524-00011-1024x768.jpg\" alt=\"\" class=\"wp-image-20\" srcset=\"https:\/\/www.ativert.fr\/wp-content\/uploads\/2024\/08\/IMG-20130524-00011-1024x768.jpg 1024w, https:\/\/www.ativert.fr\/wp-content\/uploads\/2024\/08\/IMG-20130524-00011-300x225.jpg 300w, https:\/\/www.ativert.fr\/wp-content\/uploads\/2024\/08\/IMG-20130524-00011-768x576.jpg 768w, https:\/\/www.ativert.fr\/wp-content\/uploads\/2024\/08\/IMG-20130524-00011-1536x1152.jpg 1536w, https:\/\/www.ativert.fr\/wp-content\/uploads\/2024\/08\/IMG-20130524-00011.jpg 2048w\" sizes=\"(max-width: 1024px) 100vw, 1024px\" \/><\/figure>\n\n\n\n<figure class=\"wp-block-image size-large\"><img decoding=\"async\" width=\"1024\" height=\"698\" data-id=\"19\" src=\"https:\/\/www.ativert.fr\/wp-content\/uploads\/2024\/08\/debroussaillage-1024x698.jpg\" alt=\"\" class=\"wp-image-19\" srcset=\"https:\/\/www.ativert.fr\/wp-content\/uploads\/2024\/08\/debroussaillage-1024x698.jpg 1024w, https:\/\/www.ativert.fr\/wp-content\/uploads\/2024\/08\/debroussaillage-300x205.jpg 300w, https:\/\/www.ativert.fr\/wp-content\/uploads\/2024\/08\/debroussaillage-768x524.jpg 768w, https:\/\/www.ativert.fr\/wp-content\/uploads\/2024\/08\/debroussaillage-1536x1048.jpg 1536w, https:\/\/www.ativert.fr\/wp-content\/uploads\/2024\/08\/debroussaillage-2048x1397.jpg 2048w\" sizes=\"(max-width: 1024px) 100vw, 1024px\" \/><\/figure>\n\n\n\n<figure class=\"wp-block-image size-large\"><img decoding=\"async\" width=\"640\" height=\"480\" data-id=\"23\" src=\"https:\/\/www.ativert.fr\/wp-content\/uploads\/2024\/08\/PICT1786.jpg\" alt=\"\" class=\"wp-image-23\" srcset=\"https:\/\/www.ativert.fr\/wp-content\/uploads\/2024\/08\/PICT1786.jpg 640w, https:\/\/www.ativert.fr\/wp-content\/uploads\/2024\/08\/PICT1786-300x225.jpg 300w\" sizes=\"(max-width: 640px) 100vw, 640px\" \/><\/figure>\n\n\n\n<figure class=\"wp-block-image size-large\"><img loading=\"lazy\" decoding=\"async\" width=\"640\" height=\"480\" data-id=\"21\" src=\"https:\/\/www.ativert.fr\/wp-content\/uploads\/2024\/08\/outils.jpg\" alt=\"\" class=\"wp-image-21\" srcset=\"https:\/\/www.ativert.fr\/wp-content\/uploads\/2024\/08\/outils.jpg 640w, https:\/\/www.ativert.fr\/wp-content\/uploads\/2024\/08\/outils-300x225.jpg 300w\" sizes=\"(max-width: 640px) 100vw, 640px\" \/><\/figure>\n<\/figure>\n<\/div>\n<\/div>\n\n\n\n<h2 class=\"wp-block-heading alignfull has-text-align-center pt-5\" style=\"font-size:35px\">NOTRE \u00c9QUIPE<\/h2>\n\n\n\n<p><strong>Equipe encadrante<\/strong><\/p>\n\n\n\n<p><br>Manuel PETIT Directeur technique et encadrant<\/p>\n\n\n\n<p>Aurore COMPTE Adjointe encadrante<br><\/p>\n\n\n\n<p><strong>Equipe administrative<\/strong><\/p>\n\n\n\n<p><br> Serge CAMATS Pr\u00e9sident<\/p>\n\n\n\n<p>Donatienne BAUDET Charg\u00e9e administrative et client\u00e8le<br><\/p>\n\n\n\n<p><strong>Equipe accompagnement en insertion<\/strong><\/p>\n\n\n\n<p>Cynthia PEUTEVYNCH conseill\u00e8re en insertion (RLIse)<\/p>\n\n\n\n<p><\/p>\n\n\n\n<h2 class=\"wp-block-heading alignfull has-text-align-center pt-5\" style=\"font-size:35px\">ATI-VERT, UNE ENTREPRISE D&rsquo;INSERTION<\/h2>\n\n\n\n<h3 class=\"wp-block-heading alignfull has-text-align-left pt-5\" style=\"font-size:23px\">Qu&rsquo;est-ce qu&rsquo;une entreprise d&rsquo;insertion ?<\/h3>\n\n\n\n<p>Une entreprise d\u2019insertion est une entreprise op\u00e9rant dans le secteur marchand, mais dont la<br>finalit\u00e9 est avant tout sociale&nbsp;: proposer \u00e0 des personnes en difficult\u00e9 une activit\u00e9 productive<br>assortie de diff\u00e9rentes prestations d\u00e9finies selon les besoins de l\u2019int\u00e9ress\u00e9 (r\u00e9-entra\u00eenement<br>aux rythmes de travail, formation, accompagnement social \u2026) pour construire et finaliser<br>avec elles un parcours d\u2019insertion socioprofessionnel durable.<\/p>\n\n\n\n<h3 class=\"wp-block-heading alignfull has-text-align-left pt-5\" style=\"font-size:23px\">Projet social<\/h3>\n\n\n\n<p>ATIVERT souhaite offrir l\u2019opportunit\u00e9 d\u2019une \u00e9tape suppl\u00e9mentaire dans l\u2019insertion<br>professionnelle des personnes en difficult\u00e9, avec la construction d\u2019un parcours d\u2019insertion<br>coh\u00e9rent, sp\u00e9cialis\u00e9 dans le domaine de la cr\u00e9ation et l\u2019entretien des jardins et des espaces<br>verts.<br>&nbsp;<br>Le travail \u00e9tant vecteur de l\u2019int\u00e9gration et de la citoyennet\u00e9, proposer un contrat permet de<br>rompre avec la situation de pr\u00e9carit\u00e9 ou d\u2019exclusion.<br>Le projet social s\u2019articule donc autour des objectifs suivants:<br>-L\u2019accueil et l\u2019int\u00e9gration des salari\u00e9s dans l\u2019entreprise<\/p>\n\n\n\n<p>-L\u2019accompagnement technique sur le m\u00e9tier par l\u2019encadrement d\u2019un professionnel<br>-L\u2019accompagnement social des salari\u00e9s par un conseiller d\u2019insertion professionnel mis \u00e0<br>disposition par le RLI<br>-Des formations internes ou externes<br>-Des relations avec la branche professionnelle pour permettre l\u2019insertion durable des salari\u00e9s \u00e0<br>la sortie de l\u2019Entreprise Insertion.<\/p>\n\n\n\n<h2 class=\"wp-block-heading alignfull has-text-align-center pt-5\" style=\"font-size:35px\">PARTENAIRES FINANCEURS<\/h2>\n\n\n\n<p>Aide au d\u00e9marrage :&nbsp; R\u00e9gion Occitanie, D\u00e9partement H\u00e9rault, Caisse d\u2019\u00e9pargne, AIRDIE<br>Aide aux&nbsp;postes :&nbsp; Etat<br>Aide au fonctionnement : Fond d\u00e9partemental d\u2019insertion FDI ; Etat<\/p>\n\n\n\n<div class=\"wp-block-envira-envira-gallery\"><div id=\"envira-gallery-wrap-115\" class=\"envira-gallery-wrap envira-gallery-theme-base envira-lightbox-theme-base\" itemscope itemtype=\"https:\/\/schema.org\/ImageGallery\"><div data-row-height=\"\" data-gallery-theme=\"\" id=\"envira-gallery-115\" class=\"envira-gallery-public  envira-gallery-3-columns envira-clear enviratope envira-gallery-css-animations\" data-envira-columns=\"3\"><div id=\"envira-gallery-item-111\" class=\"envira-gallery-item enviratope-item envira-gallery-item-1 envira-lazy-load\" style=\"padding-left: 3px; padding-bottom: 5px; padding-right: 3px;\"  itemscope itemtype=\"https:\/\/schema.org\/ImageObject\"><div class=\"envira-gallery-item-inner\"><div class=\"envira-gallery-position-overlay  envira-gallery-top-left\"><\/div><div class=\"envira-gallery-position-overlay  envira-gallery-top-right\"><\/div><div class=\"envira-gallery-position-overlay  envira-gallery-bottom-left\"><\/div><div class=\"envira-gallery-position-overlay  envira-gallery-bottom-right\"><\/div><div class=\"envira-lazy\" data-test-width=\"640\" data-test-height=\"480\" style=\"padding-bottom:75%;\"><img decoding=\"async\" id=\"envira-gallery-image-111\" class=\"envira-gallery-image envira-gallery-image-1\" data-envira-index=\"1\" src=\"https:\/\/www.ativert.fr\/wp-content\/uploads\/2024\/08\/ce.jpg\" data-envira-src=\"https:\/\/www.ativert.fr\/wp-content\/uploads\/2024\/08\/ce.jpg\" data-envira-gallery-id=\"115\" data-envira-item-id=\"111\" data-envira-caption=\"ce\" alt=\"\" title=\"ce\"  itemprop=\"thumbnailUrl\" data-envira-srcset=\"https:\/\/www.ativert.fr\/wp-content\/uploads\/2024\/08\/ce.jpg 400w,https:\/\/www.ativert.fr\/wp-content\/uploads\/2024\/08\/ce.jpg 2x\" srcset=\"data:image\/gif;base64,R0lGODlhAQABAIAAAP\/\/\/\/\/\/\/yH5BAEKAAEALAAAAAABAAEAAAICTAEAOw==\" \/><\/div><\/div><\/div><div id=\"envira-gallery-item-110\" class=\"envira-gallery-item enviratope-item envira-gallery-item-2 envira-lazy-load\" style=\"padding-left: 3px; padding-bottom: 5px; padding-right: 3px;\"  itemscope itemtype=\"https:\/\/schema.org\/ImageObject\"><div class=\"envira-gallery-item-inner\"><div class=\"envira-gallery-position-overlay  envira-gallery-top-left\"><\/div><div class=\"envira-gallery-position-overlay  envira-gallery-top-right\"><\/div><div class=\"envira-gallery-position-overlay  envira-gallery-bottom-left\"><\/div><div class=\"envira-gallery-position-overlay  envira-gallery-bottom-right\"><\/div><div class=\"envira-lazy\" data-test-width=\"640\" data-test-height=\"480\" style=\"padding-bottom:75%;\"><img decoding=\"async\" id=\"envira-gallery-image-110\" class=\"envira-gallery-image envira-gallery-image-2\" data-envira-index=\"2\" src=\"https:\/\/www.ativert.fr\/wp-content\/uploads\/2024\/08\/airdie.jpg\" data-envira-src=\"https:\/\/www.ativert.fr\/wp-content\/uploads\/2024\/08\/airdie.jpg\" data-envira-gallery-id=\"115\" data-envira-item-id=\"110\" data-envira-caption=\"airdie\" alt=\"\" title=\"airdie\"  itemprop=\"thumbnailUrl\" data-envira-srcset=\"https:\/\/www.ativert.fr\/wp-content\/uploads\/2024\/08\/airdie.jpg 400w,https:\/\/www.ativert.fr\/wp-content\/uploads\/2024\/08\/airdie.jpg 2x\" srcset=\"data:image\/gif;base64,R0lGODlhAQABAIAAAP\/\/\/\/\/\/\/yH5BAEKAAEALAAAAAABAAEAAAICTAEAOw==\" \/><\/div><\/div><\/div><div id=\"envira-gallery-item-112\" class=\"envira-gallery-item enviratope-item envira-gallery-item-3 envira-lazy-load\" style=\"padding-left: 3px; padding-bottom: 5px; padding-right: 3px;\"  itemscope itemtype=\"https:\/\/schema.org\/ImageObject\"><div class=\"envira-gallery-item-inner\"><div class=\"envira-gallery-position-overlay  envira-gallery-top-left\"><\/div><div class=\"envira-gallery-position-overlay  envira-gallery-top-right\"><\/div><div class=\"envira-gallery-position-overlay  envira-gallery-bottom-left\"><\/div><div class=\"envira-gallery-position-overlay  envira-gallery-bottom-right\"><\/div><div class=\"envira-lazy\" data-test-width=\"640\" data-test-height=\"480\" style=\"padding-bottom:75%;\"><img decoding=\"async\" id=\"envira-gallery-image-112\" class=\"envira-gallery-image envira-gallery-image-3\" data-envira-index=\"3\" src=\"https:\/\/www.ativert.fr\/wp-content\/uploads\/2024\/08\/occitanie-region.png\" data-envira-src=\"https:\/\/www.ativert.fr\/wp-content\/uploads\/2024\/08\/occitanie-region.png\" data-envira-gallery-id=\"115\" data-envira-item-id=\"112\" data-envira-caption=\"occitanie region\" alt=\"\" title=\"occitanie region\"  itemprop=\"thumbnailUrl\" data-envira-srcset=\"https:\/\/www.ativert.fr\/wp-content\/uploads\/2024\/08\/occitanie-region.png 400w,https:\/\/www.ativert.fr\/wp-content\/uploads\/2024\/08\/occitanie-region.png 2x\" srcset=\"data:image\/gif;base64,R0lGODlhAQABAIAAAP\/\/\/\/\/\/\/yH5BAEKAAEALAAAAAABAAEAAAICTAEAOw==\" \/><\/div><\/div><\/div><div id=\"envira-gallery-item-113\" class=\"envira-gallery-item enviratope-item envira-gallery-item-4 envira-lazy-load\" style=\"padding-left: 3px; padding-bottom: 5px; padding-right: 3px;\"  itemscope itemtype=\"https:\/\/schema.org\/ImageObject\"><div class=\"envira-gallery-item-inner\"><div class=\"envira-gallery-position-overlay  envira-gallery-top-left\"><\/div><div class=\"envira-gallery-position-overlay  envira-gallery-top-right\"><\/div><div class=\"envira-gallery-position-overlay  envira-gallery-bottom-left\"><\/div><div class=\"envira-gallery-position-overlay  envira-gallery-bottom-right\"><\/div><div class=\"envira-lazy\" data-test-width=\"640\" data-test-height=\"480\" style=\"padding-bottom:75%;\"><img decoding=\"async\" id=\"envira-gallery-image-113\" class=\"envira-gallery-image envira-gallery-image-4\" data-envira-index=\"4\" src=\"https:\/\/www.ativert.fr\/wp-content\/uploads\/2024\/08\/dh.png\" data-envira-src=\"https:\/\/www.ativert.fr\/wp-content\/uploads\/2024\/08\/dh.png\" data-envira-gallery-id=\"115\" data-envira-item-id=\"113\" data-envira-caption=\"dh\" alt=\"\" title=\"dh\"  itemprop=\"thumbnailUrl\" data-envira-srcset=\"https:\/\/www.ativert.fr\/wp-content\/uploads\/2024\/08\/dh.png 400w,https:\/\/www.ativert.fr\/wp-content\/uploads\/2024\/08\/dh.png 2x\" srcset=\"data:image\/gif;base64,R0lGODlhAQABAIAAAP\/\/\/\/\/\/\/yH5BAEKAAEALAAAAAABAAEAAAICTAEAOw==\" \/><\/div><\/div><\/div><div id=\"envira-gallery-item-157\" class=\"envira-gallery-item enviratope-item envira-gallery-item-5 envira-lazy-load\" style=\"padding-left: 3px; padding-bottom: 5px; padding-right: 3px;\"  itemscope itemtype=\"https:\/\/schema.org\/ImageObject\"><div class=\"envira-gallery-item-inner\"><div class=\"envira-gallery-position-overlay  envira-gallery-top-left\"><\/div><div class=\"envira-gallery-position-overlay  envira-gallery-top-right\"><\/div><div class=\"envira-gallery-position-overlay  envira-gallery-bottom-left\"><\/div><div class=\"envira-gallery-position-overlay  envira-gallery-bottom-right\"><\/div><div class=\"envira-lazy\" data-test-width=\"640\" data-test-height=\"480\" style=\"padding-bottom:75%;\"><img decoding=\"async\" id=\"envira-gallery-image-157\" class=\"envira-gallery-image envira-gallery-image-5\" data-envira-index=\"5\" src=\"https:\/\/www.ativert.fr\/wp-content\/uploads\/2024\/08\/images-1.png\" data-envira-src=\"https:\/\/www.ativert.fr\/wp-content\/uploads\/2024\/08\/images-1.png\" data-envira-gallery-id=\"115\" data-envira-item-id=\"157\" data-envira-caption=\"images\" alt=\"\" title=\"images\"  itemprop=\"thumbnailUrl\" data-envira-srcset=\"https:\/\/www.ativert.fr\/wp-content\/uploads\/2024\/08\/images-1.png 400w,https:\/\/www.ativert.fr\/wp-content\/uploads\/2024\/08\/images-1.png 2x\" srcset=\"data:image\/gif;base64,R0lGODlhAQABAIAAAP\/\/\/\/\/\/\/yH5BAEKAAEALAAAAAABAAEAAAICTAEAOw==\" \/><\/div><\/div><\/div><\/div><\/div><noscript><img decoding=\"async\" src=\"https:\/\/www.ativert.fr\/wp-content\/uploads\/2024\/08\/ce.jpg\" alt=\"\" \/><img decoding=\"async\" src=\"https:\/\/www.ativert.fr\/wp-content\/uploads\/2024\/08\/airdie.jpg\" alt=\"\" \/><img decoding=\"async\" src=\"https:\/\/www.ativert.fr\/wp-content\/uploads\/2024\/08\/occitanie-region.png\" alt=\"\" \/><img decoding=\"async\" src=\"https:\/\/www.ativert.fr\/wp-content\/uploads\/2024\/08\/dh.png\" alt=\"\" \/><img decoding=\"async\" src=\"https:\/\/www.ativert.fr\/wp-content\/uploads\/2024\/08\/images-1.png\" alt=\"\" \/><\/noscript><\/div>\n\n\n\n<h2 class=\"wp-block-heading alignfull has-text-align-center pt-5\" style=\"font-size:35px\">NOS R\u00c9F\u00c9RENCES<\/h2>\n\n\n\n<p>Nous travaillons actuellement pour de nombreuses structures.<\/p>\n\n\n\n<ul class=\"wp-block-list\">\n<li>Entreprises<\/li>\n\n\n\n<li>Syndicats de co-propri\u00e9t\u00e9s<\/li>\n\n\n\n<li>Communes<\/li>\n\n\n\n<li>Communaut\u00e9s de communes<\/li>\n\n\n\n<li>CCAS<\/li>\n\n\n\n<li>Campings<\/li>\n\n\n\n<li>Associations<\/li>\n\n\n\n<li>Collectivit\u00e9s territorialeS<\/li>\n\n\n\n<li>Et plus de 100 particuliers nous font aujourd\u2019hui confiance.<\/li>\n<\/ul>\n\n\n\n<h2 class=\"wp-block-heading alignfull has-text-align-center pt-5\" style=\"font-size:35px\">NOUS CONTACTER<\/h2>\n\n\n\n<p>ZA Les Vignes Grandes<br>5 bis chemin St Martin 34350 VENDRES<br>t\u00e9l&nbsp; : 04.67.37.32.85<\/p>\n\n\n\n<figure class=\"wp-block-image size-large\"><img loading=\"lazy\" decoding=\"async\" width=\"1024\" height=\"673\" src=\"https:\/\/www.ativert.fr\/wp-content\/uploads\/2024\/08\/image-1024x673.png\" alt=\"\" class=\"wp-image-154\" srcset=\"https:\/\/www.ativert.fr\/wp-content\/uploads\/2024\/08\/image-1024x673.png 1024w, https:\/\/www.ativert.fr\/wp-content\/uploads\/2024\/08\/image-300x197.png 300w, https:\/\/www.ativert.fr\/wp-content\/uploads\/2024\/08\/image-768x505.png 768w, https:\/\/www.ativert.fr\/wp-content\/uploads\/2024\/08\/image.png 1173w\" sizes=\"(max-width: 1024px) 100vw, 1024px\" \/><\/figure>\n\n\n<style id=\"wpforms-css-vars-root\">\n\t\t\t\t:root {\n\t\t\t\t\t--wpforms-field-border-radius: 3px;\n--wpforms-field-border-style: solid;\n--wpforms-field-border-size: 1px;\n--wpforms-field-background-color: #ffffff;\n--wpforms-field-border-color: rgba( 0, 0, 0, 0.25 );\n--wpforms-field-border-color-spare: rgba( 0, 0, 0, 0.25 );\n--wpforms-field-text-color: rgba( 0, 0, 0, 0.7 );\n--wpforms-field-menu-color: #ffffff;\n--wpforms-label-color: rgba( 0, 0, 0, 0.85 );\n--wpforms-label-sublabel-color: rgba( 0, 0, 0, 0.55 );\n--wpforms-label-error-color: #d63637;\n--wpforms-button-border-radius: 3px;\n--wpforms-button-border-style: none;\n--wpforms-button-border-size: 1px;\n--wpforms-button-background-color: #066aab;\n--wpforms-button-border-color: #066aab;\n--wpforms-button-text-color: #ffffff;\n--wpforms-page-break-color: #066aab;\n--wpforms-background-image: none;\n--wpforms-background-position: center center;\n--wpforms-background-repeat: no-repeat;\n--wpforms-background-size: cover;\n--wpforms-background-width: 100px;\n--wpforms-background-height: 100px;\n--wpforms-background-color: rgba( 0, 0, 0, 0 );\n--wpforms-background-url: none;\n--wpforms-container-padding: 0px;\n--wpforms-container-border-style: none;\n--wpforms-container-border-width: 1px;\n--wpforms-container-border-color: #000000;\n--wpforms-container-border-radius: 3px;\n--wpforms-field-size-input-height: 43px;\n--wpforms-field-size-input-spacing: 15px;\n--wpforms-field-size-font-size: 16px;\n--wpforms-field-size-line-height: 19px;\n--wpforms-field-size-padding-h: 14px;\n--wpforms-field-size-checkbox-size: 16px;\n--wpforms-field-size-sublabel-spacing: 5px;\n--wpforms-field-size-icon-size: 1;\n--wpforms-label-size-font-size: 16px;\n--wpforms-label-size-line-height: 19px;\n--wpforms-label-size-sublabel-font-size: 14px;\n--wpforms-label-size-sublabel-line-height: 17px;\n--wpforms-button-size-font-size: 17px;\n--wpforms-button-size-height: 41px;\n--wpforms-button-size-padding-h: 15px;\n--wpforms-button-size-margin-top: 10px;\n--wpforms-container-shadow-size-box-shadow: none;\n\n\t\t\t\t}\n\t\t\t<\/style><div class=\"wpforms-container wpforms-container-full wpforms-block wpforms-block-70150e26-7f7e-4939-8784-a0cb090f05e9 wpforms-render-modern\" id=\"wpforms-143\"><form id=\"wpforms-form-143\" class=\"wpforms-validate wpforms-form wpforms-ajax-form\" data-formid=\"143\" method=\"post\" enctype=\"multipart\/form-data\" action=\"\/index.php?rest_route=%2Fwp%2Fv2%2Fpages%2F16\" data-token=\"86c9aefb4ee7ee84a50da863ed043e84\" data-token-time=\"1777455124\"><noscript class=\"wpforms-error-noscript\">Veuillez activer JavaScript dans votre navigateur pour remplir ce formulaire.<\/noscript><div class=\"wpforms-hidden\" id=\"wpforms-error-noscript\">Veuillez activer JavaScript dans votre navigateur pour remplir ce formulaire.<\/div><div class=\"wpforms-field-container\"><div id=\"wpforms-143-field_0-container\" class=\"wpforms-field wpforms-field-name\" data-field-id=\"0\"><fieldset><legend class=\"wpforms-field-label\">Nom <span class=\"wpforms-required-label\" aria-hidden=\"true\">*<\/span><\/legend><div class=\"wpforms-field-row wpforms-field-medium\"><div class=\"wpforms-field-row-block wpforms-first wpforms-one-half\"><input type=\"text\" id=\"wpforms-143-field_0\" class=\"wpforms-field-name-first wpforms-field-required\" name=\"wpforms[fields][0][first]\" aria-errormessage=\"wpforms-143-field_0-error\" required><label for=\"wpforms-143-field_0\" class=\"wpforms-field-sublabel after\">Pr\u00e9nom<\/label><\/div><div class=\"wpforms-field-row-block wpforms-one-half\"><input type=\"text\" id=\"wpforms-143-field_0-last\" class=\"wpforms-field-name-last wpforms-field-required\" name=\"wpforms[fields][0][last]\" aria-errormessage=\"wpforms-143-field_0-last-error\" required><label for=\"wpforms-143-field_0-last\" class=\"wpforms-field-sublabel after\">Nom<\/label><\/div><\/div><\/fieldset><\/div><div id=\"wpforms-143-field_1-container\" class=\"wpforms-field wpforms-field-email\" data-field-id=\"1\"><label class=\"wpforms-field-label\" for=\"wpforms-143-field_1\">E-mail <span class=\"wpforms-required-label\" aria-hidden=\"true\">*<\/span><\/label><input type=\"email\" id=\"wpforms-143-field_1\" class=\"wpforms-field-medium wpforms-field-required\" name=\"wpforms[fields][1]\" spellcheck=\"false\" aria-errormessage=\"wpforms-143-field_1-error\" required><\/div><div id=\"wpforms-143-field_2-container\" class=\"wpforms-field wpforms-field-textarea\" data-field-id=\"2\"><label class=\"wpforms-field-label\" for=\"wpforms-143-field_2\">Commentaire ou message<\/label><textarea id=\"wpforms-143-field_2\" class=\"wpforms-field-medium\" name=\"wpforms[fields][2]\" aria-errormessage=\"wpforms-143-field_2-error\" ><\/textarea><\/div><\/div><!-- .wpforms-field-container --><div class=\"wpforms-submit-container\" ><input type=\"hidden\" name=\"wpforms[id]\" value=\"143\"><input type=\"hidden\" name=\"page_title\" value=\"\"><input type=\"hidden\" name=\"page_url\" value=\"https:\/\/www.ativert.fr\/index.php?rest_route=%2Fwp%2Fv2%2Fpages%2F16\"><button type=\"submit\" name=\"wpforms[submit]\" id=\"wpforms-submit-143\" class=\"wpforms-submit\" data-alt-text=\"Envoi...\" data-submit-text=\"Envoyer\" aria-live=\"assertive\" value=\"wpforms-submit\">Envoyer<\/button><img loading=\"lazy\" decoding=\"async\" src=\"https:\/\/www.ativert.fr\/wp-content\/plugins\/wpforms-lite\/assets\/images\/submit-spin.svg\" class=\"wpforms-submit-spinner\" style=\"display: none;\" width=\"26\" height=\"26\" alt=\"Chargement en cours\"><\/div><\/form><\/div>  <!-- .wpforms-container -->","protected":false},"excerpt":{"rendered":"<p>V\u00e9ritable structure d&rsquo;insertion guid\u00e9e par son projet social, Ati-vert propose ses prestations d&rsquo;entretien des espaces verts et de conception de&hellip;<\/p>\n","protected":false},"author":1,"featured_media":11,"parent":0,"menu_order":0,"comment_status":"closed","ping_status":"closed","template":"","meta":{"footnotes":""},"class_list":["post-16","page","type-page","status-publish","has-post-thumbnail","hentry"],"_links":{"self":[{"href":"https:\/\/www.ativert.fr\/index.php?rest_route=\/wp\/v2\/pages\/16","targetHints":{"allow":["GET"]}}],"collection":[{"href":"https:\/\/www.ativert.fr\/index.php?rest_route=\/wp\/v2\/pages"}],"about":[{"href":"https:\/\/www.ativert.fr\/index.php?rest_route=\/wp\/v2\/types\/page"}],"author":[{"embeddable":true,"href":"https:\/\/www.ativert.fr\/index.php?rest_route=\/wp\/v2\/users\/1"}],"replies":[{"embeddable":true,"href":"https:\/\/www.ativert.fr\/index.php?rest_route=%2Fwp%2Fv2%2Fcomments&post=16"}],"version-history":[{"count":39,"href":"https:\/\/www.ativert.fr\/index.php?rest_route=\/wp\/v2\/pages\/16\/revisions"}],"predecessor-version":[{"id":175,"href":"https:\/\/www.ativert.fr\/index.php?rest_route=\/wp\/v2\/pages\/16\/revisions\/175"}],"wp:featuredmedia":[{"embeddable":true,"href":"https:\/\/www.ativert.fr\/index.php?rest_route=\/wp\/v2\/media\/11"}],"wp:attachment":[{"href":"https:\/\/www.ativert.fr\/index.php?rest_route=%2Fwp%2Fv2%2Fmedia&parent=16"}],"curies":[{"name":"wp","href":"https:\/\/api.w.org\/{rel}","templated":true}]}}