{"id":163,"date":"2024-08-14T12:48:32","date_gmt":"2024-08-14T12:48:32","guid":{"rendered":"https:\/\/www.ativert.fr\/?page_id=163"},"modified":"2024-08-14T12:48:32","modified_gmt":"2024-08-14T12:48:32","slug":"nos-services","status":"publish","type":"page","link":"https:\/\/www.ativert.fr\/?page_id=163","title":{"rendered":"Nos services"},"content":{"rendered":"\n<div class=\"wp-block-columns alignfull are-vertically-aligned-center mx-lg-5 mx-0 is-layout-flex wp-container-core-columns-is-layout-9d6595d7 wp-block-columns-is-layout-flex\">\n<div class=\"wp-block-column is-vertically-aligned-center expertise-box p-4 my-5 is-layout-flow wp-block-column-is-layout-flow\"><div class=\"wp-block-image\">\n<figure class=\"aligncenter size-large is-resized\"><img decoding=\"async\" src=\"https:\/\/www.ativert.fr\/wp-content\/themes\/vw-gardening-landscaping\/inc\/block-patterns\/images\/expertise1.png\" alt=\"\" class=\"wp-image-1145\" style=\"width:125px;height:auto\"\/><\/figure>\n<\/div>\n\n\n<h3 class=\"wp-block-heading has-text-align-center mb-2 has-text-color\" style=\"color:#222222;font-size:20px\">Jardinage et espaces verts<\/h3>\n\n\n\n<p class=\"has-text-align-center text-center mb-2 has-text-color\" style=\"color:#a9a9a9;font-size:14px\">Taille de haies, labour, binage, abattage et petit \u00e9lagage<\/p>\n<\/div>\n\n\n\n<div class=\"wp-block-column is-vertically-aligned-center expertise-box p-4 my-5 is-layout-flow wp-block-column-is-layout-flow\"><div class=\"wp-block-image\">\n<figure class=\"aligncenter size-large is-resized\"><img decoding=\"async\" src=\"https:\/\/www.ativert.fr\/wp-content\/themes\/vw-gardening-landscaping\/inc\/block-patterns\/images\/expertise2.png\" alt=\"\" class=\"wp-image-1191\" style=\"width:124px;height:auto\"\/><\/figure>\n<\/div>\n\n\n<h3 class=\"wp-block-heading has-text-align-center mb-2 has-text-color\" style=\"color:#222222;font-size:20px\">Conception et am\u00e9nagement<\/h3>\n\n\n\n<p class=\"has-text-align-center text-center mb-2 has-text-color\" style=\"color:#a9a9a9;font-size:14px\">Plantations, arrosage int\u00e9gr\u00e9, r\u00e9alisation cl\u00f4tures,murets<\/p>\n<\/div>\n<\/div>\n\n\n\n<ul class=\"wp-block-list\">\n<li> Conception de jardins et d\u2019espaces verts<\/li>\n\n\n\n<li>Taille de haies diverses<\/li>\n\n\n\n<li>Taille fruiti\u00e8re ou ornementale d\u2019arbres et d\u2019arbustes<\/li>\n\n\n\n<li>Abattage et petit \u00e9lagage<\/li>\n\n\n\n<li>Tonte et d\u00e9broussaillage<\/li>\n\n\n\n<li>Labour, binage, amendement, paillage<\/li>\n\n\n\n<li>Traitement phytosanitaire biologique ou chimique<\/li>\n\n\n\n<li>Certification bureau veritas N\u00b0 agr\u00e9ment LR 00595 )<\/li>\n\n\n\n<li>Conception et am\u00e9nagement<\/li>\n\n\n\n<li>Plantations<\/li>\n\n\n\n<li>Arrosage int\u00e9gr\u00e9<\/li>\n\n\n\n<li>R\u00e9alisation dallage, murets, cl\u00f4tures\u2026<\/li>\n\n\n\n<li>Installation d\u2019accessoires de jardins ( jardini\u00e8res, bancs, brise vue, barri\u00e8res, signalisation\u2026)<\/li>\n\n\n\n<li>Recyclage de nos d\u00e9chets dans les fili\u00e8res agr\u00e9es<\/li>\n\n\n\n<li>Broyage<\/li>\n<\/ul>\n\n\n\n<h2 class=\"wp-block-heading alignfull has-text-align-center pt-5\" style=\"font-size:35px\">ATI-VERT EN IMAGES<\/h2>\n\n\n\n<div class=\"wp-block-columns is-layout-flex wp-container-core-columns-is-layout-9d6595d7 wp-block-columns-is-layout-flex\">\n<div class=\"wp-block-column is-layout-flow wp-block-column-is-layout-flow\">\n<figure class=\"wp-block-gallery has-nested-images columns-default is-cropped wp-block-gallery-1 is-layout-flex wp-block-gallery-is-layout-flex\">\n<figure class=\"wp-block-image size-large\"><img fetchpriority=\"high\" decoding=\"async\" width=\"1024\" height=\"768\" data-id=\"20\" src=\"https:\/\/www.ativert.fr\/wp-content\/uploads\/2024\/08\/IMG-20130524-00011-1024x768.jpg\" alt=\"\" class=\"wp-image-20\" srcset=\"https:\/\/www.ativert.fr\/wp-content\/uploads\/2024\/08\/IMG-20130524-00011-1024x768.jpg 1024w, https:\/\/www.ativert.fr\/wp-content\/uploads\/2024\/08\/IMG-20130524-00011-300x225.jpg 300w, https:\/\/www.ativert.fr\/wp-content\/uploads\/2024\/08\/IMG-20130524-00011-768x576.jpg 768w, https:\/\/www.ativert.fr\/wp-content\/uploads\/2024\/08\/IMG-20130524-00011-1536x1152.jpg 1536w, https:\/\/www.ativert.fr\/wp-content\/uploads\/2024\/08\/IMG-20130524-00011.jpg 2048w\" sizes=\"(max-width: 1024px) 100vw, 1024px\" \/><\/figure>\n\n\n\n<figure class=\"wp-block-image size-large\"><img decoding=\"async\" width=\"1024\" height=\"698\" data-id=\"19\" src=\"https:\/\/www.ativert.fr\/wp-content\/uploads\/2024\/08\/debroussaillage-1024x698.jpg\" alt=\"\" class=\"wp-image-19\" srcset=\"https:\/\/www.ativert.fr\/wp-content\/uploads\/2024\/08\/debroussaillage-1024x698.jpg 1024w, https:\/\/www.ativert.fr\/wp-content\/uploads\/2024\/08\/debroussaillage-300x205.jpg 300w, https:\/\/www.ativert.fr\/wp-content\/uploads\/2024\/08\/debroussaillage-768x524.jpg 768w, https:\/\/www.ativert.fr\/wp-content\/uploads\/2024\/08\/debroussaillage-1536x1048.jpg 1536w, https:\/\/www.ativert.fr\/wp-content\/uploads\/2024\/08\/debroussaillage-2048x1397.jpg 2048w\" sizes=\"(max-width: 1024px) 100vw, 1024px\" \/><\/figure>\n\n\n\n<figure class=\"wp-block-image size-large\"><img decoding=\"async\" width=\"640\" height=\"480\" data-id=\"23\" src=\"https:\/\/www.ativert.fr\/wp-content\/uploads\/2024\/08\/PICT1786.jpg\" alt=\"\" class=\"wp-image-23\" srcset=\"https:\/\/www.ativert.fr\/wp-content\/uploads\/2024\/08\/PICT1786.jpg 640w, https:\/\/www.ativert.fr\/wp-content\/uploads\/2024\/08\/PICT1786-300x225.jpg 300w\" sizes=\"(max-width: 640px) 100vw, 640px\" \/><\/figure>\n\n\n\n<figure class=\"wp-block-image size-large\"><img loading=\"lazy\" decoding=\"async\" width=\"640\" height=\"480\" data-id=\"21\" src=\"https:\/\/www.ativert.fr\/wp-content\/uploads\/2024\/08\/outils.jpg\" alt=\"\" class=\"wp-image-21\" srcset=\"https:\/\/www.ativert.fr\/wp-content\/uploads\/2024\/08\/outils.jpg 640w, https:\/\/www.ativert.fr\/wp-content\/uploads\/2024\/08\/outils-300x225.jpg 300w\" sizes=\"(max-width: 640px) 100vw, 640px\" \/><\/figure>\n<\/figure>\n<\/div>\n<\/div>\n","protected":false},"excerpt":{"rendered":"<p>Jardinage et espaces verts Taille de haies, labour, binage, abattage et petit \u00e9lagage Conception et am\u00e9nagement Plantations, arrosage int\u00e9gr\u00e9, r\u00e9alisation&hellip;<\/p>\n","protected":false},"author":1,"featured_media":11,"parent":0,"menu_order":0,"comment_status":"closed","ping_status":"closed","template":"","meta":{"footnotes":""},"class_list":["post-163","page","type-page","status-publish","has-post-thumbnail","hentry"],"_links":{"self":[{"href":"https:\/\/www.ativert.fr\/index.php?rest_route=\/wp\/v2\/pages\/163","targetHints":{"allow":["GET"]}}],"collection":[{"href":"https:\/\/www.ativert.fr\/index.php?rest_route=\/wp\/v2\/pages"}],"about":[{"href":"https:\/\/www.ativert.fr\/index.php?rest_route=\/wp\/v2\/types\/page"}],"author":[{"embeddable":true,"href":"https:\/\/www.ativert.fr\/index.php?rest_route=\/wp\/v2\/users\/1"}],"replies":[{"embeddable":true,"href":"https:\/\/www.ativert.fr\/index.php?rest_route=%2Fwp%2Fv2%2Fcomments&post=163"}],"version-history":[{"count":1,"href":"https:\/\/www.ativert.fr\/index.php?rest_route=\/wp\/v2\/pages\/163\/revisions"}],"predecessor-version":[{"id":165,"href":"https:\/\/www.ativert.fr\/index.php?rest_route=\/wp\/v2\/pages\/163\/revisions\/165"}],"wp:featuredmedia":[{"embeddable":true,"href":"https:\/\/www.ativert.fr\/index.php?rest_route=\/wp\/v2\/media\/11"}],"wp:attachment":[{"href":"https:\/\/www.ativert.fr\/index.php?rest_route=%2Fwp%2Fv2%2Fmedia&parent=163"}],"curies":[{"name":"wp","href":"https:\/\/api.w.org\/{rel}","templated":true}]}}